{"id":1289,"date":"2025-11-17T11:44:49","date_gmt":"2025-11-17T10:44:49","guid":{"rendered":"https:\/\/dev.ursus.be\/?page_id=1289"},"modified":"2025-12-03T12:06:07","modified_gmt":"2025-12-03T11:06:07","slug":"service-client","status":"publish","type":"page","link":"https:\/\/www.ursus.be\/fr\/klantenservice\/","title":{"rendered":"Service client"},"content":{"rendered":"<style>.kb-row-layout-id1289_26bb5d-9c > .kt-row-column-wrap{align-content:start;}:where(.kb-row-layout-id1289_26bb5d-9c > .kt-row-column-wrap) > .wp-block-kadence-column{justify-content:start;}.kb-row-layout-id1289_26bb5d-9c > .kt-row-column-wrap{column-gap:var(--global-kb-gap-lg, 4rem);row-gap:var(--global-kb-gap-lg, 4rem);max-width:var( --global-content-width, 1490px );padding-left:var(--global-content-edge-padding);padding-right:var(--global-content-edge-padding);padding-top:var(--global-kb-spacing-xl, 4rem);padding-bottom:var(--global-kb-spacing-xl, 4rem);grid-template-columns:minmax(0, 1fr);}.kb-row-layout-id1289_26bb5d-9c > .kt-row-layout-overlay{opacity:0.30;}@media all and (max-width: 1024px){.kb-row-layout-id1289_26bb5d-9c > .kt-row-column-wrap{column-gap:var(--global-kb-gap-md, 2rem);row-gap:var(--global-kb-gap-md, 2rem);padding-top:var(--global-kb-spacing-xl, 4rem);padding-bottom:var(--global-kb-spacing-xl, 4rem);grid-template-columns:minmax(0, 1fr);}}@media all and (max-width: 767px){.kb-row-layout-id1289_26bb5d-9c > .kt-row-column-wrap{column-gap:var(--global-kb-gap-sm, 1rem);row-gap:var(--global-kb-gap-sm, 1rem);padding-top:var(--global-kb-spacing-lg, 3rem);padding-bottom:var(--global-kb-spacing-lg, 3rem);grid-template-columns:minmax(0, 1fr);}}<\/style><section class=\"kb-row-layout-wrap kb-row-layout-id1289_26bb5d-9c alignnone has-theme-palette7-background-color kt-row-has-bg wp-block-kadence-rowlayout\"><div class=\"kt-row-column-wrap kt-has-1-columns kt-row-layout-equal kt-tab-layout-inherit kt-mobile-layout-row kt-row-valign-top kb-theme-content-width\">\n<style>.kadence-column1289_8c4c79-58 > .kt-inside-inner-col,.kadence-column1289_8c4c79-58 > .kt-inside-inner-col:before{border-top-left-radius:0px;border-top-right-radius:0px;border-bottom-right-radius:0px;border-bottom-left-radius:0px;}.kadence-column1289_8c4c79-58 > .kt-inside-inner-col{column-gap:var(--global-kb-gap-sm, 1rem);}.kadence-column1289_8c4c79-58 > .kt-inside-inner-col{flex-direction:column;}.kadence-column1289_8c4c79-58 > .kt-inside-inner-col > .aligncenter{width:100%;}.kadence-column1289_8c4c79-58 > .kt-inside-inner-col:before{opacity:0.3;}.kadence-column1289_8c4c79-58{position:relative;}@media all and (max-width: 1024px){.kadence-column1289_8c4c79-58 > .kt-inside-inner-col{flex-direction:column;justify-content:center;}}@media all and (max-width: 767px){.kadence-column1289_8c4c79-58 > .kt-inside-inner-col{flex-direction:column;justify-content:center;}}<\/style>\n<div class=\"wp-block-kadence-column kadence-column1289_8c4c79-58\"><div class=\"kt-inside-inner-col\"><style>.wp-block-kadence-advancedheading.kt-adv-heading1289_ea26a7-68, .wp-block-kadence-advancedheading.kt-adv-heading1289_ea26a7-68[data-kb-block=\"kb-adv-heading1289_ea26a7-68\"]{text-align:center;font-size:var(--global-kb-font-size-lg, 2rem);font-style:normal;}.wp-block-kadence-advancedheading.kt-adv-heading1289_ea26a7-68 mark.kt-highlight, .wp-block-kadence-advancedheading.kt-adv-heading1289_ea26a7-68[data-kb-block=\"kb-adv-heading1289_ea26a7-68\"] mark.kt-highlight{font-style:normal;color:#f76a0c;-webkit-box-decoration-break:clone;box-decoration-break:clone;padding-top:0px;padding-right:0px;padding-bottom:0px;padding-left:0px;}.wp-block-kadence-advancedheading.kt-adv-heading1289_ea26a7-68 img.kb-inline-image, .wp-block-kadence-advancedheading.kt-adv-heading1289_ea26a7-68[data-kb-block=\"kb-adv-heading1289_ea26a7-68\"] img.kb-inline-image{width:150px;vertical-align:baseline;}<\/style>\n<h1 class=\"kt-adv-heading1289_ea26a7-68 wp-block-kadence-advancedheading\" data-kb-block=\"kb-adv-heading1289_ea26a7-68\">Hallo, hoe kunnen wij jou helpen?<\/h1>\n\n\n\n<p class=\"has-text-align-center\">Stel je vraag aan ons team. We helpen je met plezier!<\/p>\n<\/div><\/div>\n\n<\/div><\/section>\n\n<style>.kb-row-layout-id1289_7e1693-23 > .kt-row-column-wrap{align-content:start;}:where(.kb-row-layout-id1289_7e1693-23 > .kt-row-column-wrap) > .wp-block-kadence-column{justify-content:start;}.kb-row-layout-id1289_7e1693-23 > .kt-row-column-wrap{column-gap:var(--global-kb-gap-md, 2rem);row-gap:var(--global-kb-gap-md, 2rem);max-width:1000px;margin-left:auto;margin-right:auto;padding-top:0px;padding-bottom:var(--global-kb-spacing-3xl, 6.5rem);}.kb-row-layout-id1289_7e1693-23 > .kt-row-column-wrap > *:nth-child(3n of *:not(style)){grid-column:1 \/ -1;}.kb-row-layout-id1289_7e1693-23 > .kt-row-column-wrap{grid-template-columns:repeat(2, minmax(0, 1fr));}.kb-row-layout-id1289_7e1693-23 > .kt-row-layout-overlay{opacity:0.30;}@media all and (max-width: 1024px){.kb-row-layout-id1289_7e1693-23 > .kt-row-column-wrap{column-gap:var(--global-kb-gap-md, 2rem);row-gap:var(--global-kb-gap-md, 2rem);padding-bottom:var(--global-kb-spacing-xl, 4rem);grid-template-columns:repeat(2, minmax(0, 1fr));}}@media all and (max-width: 1024px){.kb-row-layout-id1289_7e1693-23 > .kt-row-column-wrap > *:nth-child(3n of *:not(style)){grid-column:1 \/ -1;}}@media all and (max-width: 767px){.kb-row-layout-id1289_7e1693-23 > .kt-row-column-wrap{column-gap:var(--global-kb-gap-sm, 1rem);row-gap:var(--global-kb-gap-sm, 1rem);padding-bottom:var(--global-kb-spacing-lg, 3rem);grid-template-columns:minmax(0, 1fr);}.kb-row-layout-id1289_7e1693-23 > .kt-row-column-wrap > div:not(.added-for-specificity){grid-column:initial;}}<\/style><section class=\"kb-row-layout-wrap kb-row-layout-id1289_7e1693-23 alignnone has-theme-palette7-background-color kt-row-has-bg wp-block-kadence-rowlayout\"><div class=\"kt-row-column-wrap kt-has-3-columns kt-row-layout-last-row kt-tab-layout-inherit kt-mobile-layout-row kt-row-valign-top kt-inner-column-height-full\">\n<style>.kadence-column1289_803cd1-ed > .kt-inside-inner-col{display:flex;}.kadence-column1289_803cd1-ed, .wp-block-kadence-column.kb-section-dir-horizontal > .kt-inside-inner-col > .kadence-column1289_803cd1-ed{flex-grow:1;}.kadence-column1289_803cd1-ed > .kt-inside-inner-col{height:100%;}.kadence-column1289_803cd1-ed > .kt-inside-inner-col{padding-top:var(--global-kb-spacing-md, 2rem);padding-right:var(--global-kb-spacing-md, 2rem);padding-bottom:var(--global-kb-spacing-md, 2rem);padding-left:var(--global-kb-spacing-md, 2rem);}.kadence-column1289_803cd1-ed > .kt-inside-inner-col{box-shadow:0px 0px 40px 7px rgba(0, 0, 0, 0.1);border-top:1px solid var(--global-palette6, #718096);border-right:1px solid var(--global-palette6, #718096);border-bottom:1px solid var(--global-palette6, #718096);border-left:1px solid var(--global-palette6, #718096);}.kadence-column1289_803cd1-ed > .kt-inside-inner-col,.kadence-column1289_803cd1-ed > .kt-inside-inner-col:before{border-top-left-radius:1rem;border-top-right-radius:1rem;border-bottom-right-radius:1rem;border-bottom-left-radius:1rem;}.kadence-column1289_803cd1-ed > .kt-inside-inner-col{row-gap:var(--global-kb-gap-sm, 1rem);column-gap:var(--global-kb-gap-sm, 1rem);}.kadence-column1289_803cd1-ed > .kt-inside-inner-col{flex-direction:column;justify-content:flex-start;align-items:center;}.kadence-column1289_803cd1-ed > .kt-inside-inner-col > .kb-image-is-ratio-size{align-self:stretch;}.kadence-column1289_803cd1-ed > .kt-inside-inner-col > .wp-block-kadence-advancedgallery{align-self:stretch;}.kadence-column1289_803cd1-ed > .kt-inside-inner-col > .aligncenter{width:100%;}.kt-row-column-wrap > .kadence-column1289_803cd1-ed{align-self:flex-start;}.kt-inner-column-height-full:not(.kt-has-1-columns) > .wp-block-kadence-column.kadence-column1289_803cd1-ed{align-self:auto;}.kt-inner-column-height-full:not(.kt-has-1-columns) > .wp-block-kadence-column.kadence-column1289_803cd1-ed > .kt-inside-inner-col{flex-direction:column;justify-content:flex-start;}.kadence-column1289_803cd1-ed > .kt-inside-inner-col{background-color:var(--global-palette9, #ffffff);}.kadence-column1289_803cd1-ed > .kt-inside-inner-col:before{opacity:0.3;}.kadence-column1289_803cd1-ed a{color:var(--global-palette3, #1A202C);}.kadence-column1289_803cd1-ed a:hover{color:var(--global-palette1, #3182CE);}.kadence-column1289_803cd1-ed{position:relative;}@media all and (max-width: 1024px){.kadence-column1289_803cd1-ed > .kt-inside-inner-col{border-top:1px solid var(--global-palette6, #718096);border-right:1px solid var(--global-palette6, #718096);border-bottom:1px solid var(--global-palette6, #718096);border-left:1px solid var(--global-palette6, #718096);flex-direction:column;justify-content:flex-start;align-items:center;}}@media all and (max-width: 1024px){.kt-row-column-wrap > .kadence-column1289_803cd1-ed{align-self:flex-start;}}@media all and (max-width: 1024px){.kt-inner-column-height-full:not(.kt-has-1-columns) > .wp-block-kadence-column.kadence-column1289_803cd1-ed{align-self:auto;}}@media all and (max-width: 1024px){.kt-inner-column-height-full:not(.kt-has-1-columns) > .wp-block-kadence-column.kadence-column1289_803cd1-ed > .kt-inside-inner-col{flex-direction:column;justify-content:flex-start;}}@media all and (max-width: 767px){.kadence-column1289_803cd1-ed > .kt-inside-inner-col{border-top:1px solid var(--global-palette6, #718096);border-right:1px solid var(--global-palette6, #718096);border-bottom:1px solid var(--global-palette6, #718096);border-left:1px solid var(--global-palette6, #718096);flex-direction:column;justify-content:flex-start;align-items:center;}.kt-row-column-wrap > .kadence-column1289_803cd1-ed{align-self:flex-start;}.kt-inner-column-height-full:not(.kt-has-1-columns) > .wp-block-kadence-column.kadence-column1289_803cd1-ed{align-self:auto;}.kt-inner-column-height-full:not(.kt-has-1-columns) > .wp-block-kadence-column.kadence-column1289_803cd1-ed > .kt-inside-inner-col{flex-direction:column;justify-content:flex-start;}}<\/style>\n<div class=\"wp-block-kadence-column kadence-column1289_803cd1-ed hover-lift\"><div class=\"kt-inside-inner-col\"><style>.kt-svg-icons1289_e4a953-7f .kt-svg-item-0 .kb-svg-icon-wrap{color:var(--global-palette4, #2D3748);font-size:50px;}.wp-block-kadence-icon.kt-svg-icons1289_e4a953-7f{justify-content:center;}<\/style>\n<div class=\"wp-block-kadence-icon kt-svg-icons kt-svg-icons1289_e4a953-7f alignnone\"><style>.kt-svg-item-1289_ba62da-40 .kb-svg-icon-wrap, .kt-svg-style-stacked.kt-svg-item-1289_ba62da-40 .kb-svg-icon-wrap{color:var(--global-palette9, #ffffff);font-size:25px;background:var(--global-palette1, #3182CE);border-color:rgba(0,0,0,0);border-width:0px;border-radius:50%;padding-top:0.6rem;padding-right:0.6rem;padding-bottom:0.6rem;padding-left:0.6rem;}<\/style>\n<div class=\"wp-block-kadence-single-icon kt-svg-style-stacked kt-svg-icon-wrap kt-svg-item-1289_ba62da-40\"><span class=\"kb-svg-icon-wrap kb-svg-icon-fe_smartphone\"><svg viewBox=\"0 0 24 24\"  fill=\"none\" stroke=\"currentColor\" stroke-width=\"1.5\" stroke-linecap=\"round\" stroke-linejoin=\"round\" xmlns=\"http:\/\/www.w3.org\/2000\/svg\"  aria-hidden=\"true\"><rect x=\"5\" y=\"2\" width=\"14\" height=\"20\" rx=\"2\" ry=\"2\"\/><line x1=\"12\" y1=\"18\" x2=\"12\" y2=\"18\"\/><\/svg><\/span><\/div>\n<\/div>\n\n\n<style>.wp-block-kadence-advancedheading.kt-adv-heading1289_4c3a1a-54, .wp-block-kadence-advancedheading.kt-adv-heading1289_4c3a1a-54[data-kb-block=\"kb-adv-heading1289_4c3a1a-54\"]{display:block;text-align:center;font-weight:bold;font-style:normal;}.wp-block-kadence-advancedheading.kt-adv-heading1289_4c3a1a-54 mark.kt-highlight, .wp-block-kadence-advancedheading.kt-adv-heading1289_4c3a1a-54[data-kb-block=\"kb-adv-heading1289_4c3a1a-54\"] mark.kt-highlight{font-style:normal;color:#f76a0c;-webkit-box-decoration-break:clone;box-decoration-break:clone;padding-top:0px;padding-right:0px;padding-bottom:0px;padding-left:0px;}.wp-block-kadence-advancedheading.kt-adv-heading1289_4c3a1a-54 img.kb-inline-image, .wp-block-kadence-advancedheading.kt-adv-heading1289_4c3a1a-54[data-kb-block=\"kb-adv-heading1289_4c3a1a-54\"] img.kb-inline-image{width:150px;vertical-align:baseline;}<\/style>\n<span class=\"kt-adv-heading1289_4c3a1a-54 wp-block-kadence-advancedheading\" data-kb-block=\"kb-adv-heading1289_4c3a1a-54\"><a href=\"tel:+3292181789\">+32 9 218 17 89<\/a><\/span>\n\n\n<style>.wp-block-kadence-advancedheading.kt-adv-heading1289_45f5b4-b9, .wp-block-kadence-advancedheading.kt-adv-heading1289_45f5b4-b9[data-kb-block=\"kb-adv-heading1289_45f5b4-b9\"]{display:block;text-align:center;font-size:var(--global-kb-font-size-sm, 0.9rem);font-style:normal;}.wp-block-kadence-advancedheading.kt-adv-heading1289_45f5b4-b9 mark.kt-highlight, .wp-block-kadence-advancedheading.kt-adv-heading1289_45f5b4-b9[data-kb-block=\"kb-adv-heading1289_45f5b4-b9\"] mark.kt-highlight{font-style:normal;color:#f76a0c;-webkit-box-decoration-break:clone;box-decoration-break:clone;padding-top:0px;padding-right:0px;padding-bottom:0px;padding-left:0px;}.wp-block-kadence-advancedheading.kt-adv-heading1289_45f5b4-b9 img.kb-inline-image, .wp-block-kadence-advancedheading.kt-adv-heading1289_45f5b4-b9[data-kb-block=\"kb-adv-heading1289_45f5b4-b9\"] img.kb-inline-image{width:150px;vertical-align:baseline;}<\/style>\n<span class=\"kt-adv-heading1289_45f5b4-b9 wp-block-kadence-advancedheading has-theme-palette-5-color has-text-color\" data-kb-block=\"kb-adv-heading1289_45f5b4-b9\">Maandag tot vrijdag 8u-16u<\/span>\n\n\n<style>.wp-block-kadence-advancedheading.kt-adv-headingd2d951-4e, .wp-block-kadence-advancedheading.kt-adv-headingd2d951-4e[data-kb-block=\"kb-adv-headingd2d951-4e\"]{font-size:0.75rem;font-weight:bold;font-style:normal;text-transform:uppercase;letter-spacing:1px;}.wp-block-kadence-advancedheading.kt-adv-headingd2d951-4e[data-kb-block=\"kb-adv-headingd2d951-4e\"]{display:flex;gap:0.25em;align-items:center;}.wp-block-kadence-advancedheading.kt-adv-headingd2d951-4e[data-kb-block=\"kb-adv-headingd2d951-4e\"] .kb-adv-heading-icon svg{width:1em;height:1em;}.wp-block-kadence-advancedheading.kt-adv-headingd2d951-4e[data-kb-block=\"kb-adv-headingd2d951-4e\"] .kb-adv-heading-icon{color:var(--global-palette4, #2D3748);font-size:11px;padding-right:0.2rem;}.wp-block-kadence-advancedheading.kt-adv-headingd2d951-4e mark.kt-highlight, .wp-block-kadence-advancedheading.kt-adv-headingd2d951-4e[data-kb-block=\"kb-adv-headingd2d951-4e\"] mark.kt-highlight{font-style:normal;color:#f76a0c;-webkit-box-decoration-break:clone;box-decoration-break:clone;padding-top:0px;padding-right:0px;padding-bottom:0px;padding-left:0px;}.wp-block-kadence-advancedheading.kt-adv-headingd2d951-4e img.kb-inline-image, .wp-block-kadence-advancedheading.kt-adv-headingd2d951-4e[data-kb-block=\"kb-adv-headingd2d951-4e\"] img.kb-inline-image{width:150px;vertical-align:baseline;}<\/style><p class=\"kt-adv-headingd2d951-4e wp-block-kadence-advancedheading kt-adv-heading-has-icon has-theme-palette5-color has-text-color\" data-kb-block=\"kb-adv-headingd2d951-4e\"><span class=\"kb-svg-icon-wrap kb-adv-heading-icon kb-svg-icon-fas_circle kb-adv-heading-icon-side-left\"><svg viewBox=\"0 0 512 512\"  fill=\"currentColor\" xmlns=\"http:\/\/www.w3.org\/2000\/svg\"  aria-hidden=\"true\"><path d=\"M256 8C119 8 8 119 8 256s111 248 248 248 248-111 248-248S393 8 256 8z\"\/><\/svg><\/span><span class=\"kb-adv-text-inner\">Gesloten<\/span><\/p>\n<\/div><\/div>\n\n\n<style>.kadence-column1289_353a07-e3 > .kt-inside-inner-col{display:flex;}.kadence-column1289_353a07-e3, .wp-block-kadence-column.kb-section-dir-horizontal > .kt-inside-inner-col > .kadence-column1289_353a07-e3{flex-grow:1;}.kadence-column1289_353a07-e3 > .kt-inside-inner-col{height:100%;}.kadence-column1289_353a07-e3 > .kt-inside-inner-col{padding-top:var(--global-kb-spacing-md, 2rem);padding-right:var(--global-kb-spacing-md, 2rem);padding-bottom:var(--global-kb-spacing-md, 2rem);padding-left:var(--global-kb-spacing-md, 2rem);}.kadence-column1289_353a07-e3 > .kt-inside-inner-col{box-shadow:0px 0px 40px 7px rgba(0, 0, 0, 0.1);border-top:1px solid var(--global-palette6, #718096);border-right:1px solid var(--global-palette6, #718096);border-bottom:1px solid var(--global-palette6, #718096);border-left:1px solid var(--global-palette6, #718096);}.kadence-column1289_353a07-e3 > .kt-inside-inner-col,.kadence-column1289_353a07-e3 > .kt-inside-inner-col:before{border-top-left-radius:1rem;border-top-right-radius:1rem;border-bottom-right-radius:1rem;border-bottom-left-radius:1rem;}.kadence-column1289_353a07-e3 > .kt-inside-inner-col{row-gap:var(--global-kb-gap-sm, 1rem);column-gap:var(--global-kb-gap-sm, 1rem);}.kadence-column1289_353a07-e3 > .kt-inside-inner-col{flex-direction:column;}.kadence-column1289_353a07-e3 > .kt-inside-inner-col > .aligncenter{width:100%;}.kadence-column1289_353a07-e3 > .kt-inside-inner-col{background-color:var(--global-palette9, #ffffff);}.kadence-column1289_353a07-e3 > .kt-inside-inner-col:before{opacity:0.3;}.kadence-column1289_353a07-e3 a{color:var(--global-palette3, #1A202C);}.kadence-column1289_353a07-e3 a:hover{color:var(--global-palette1, #3182CE);}.kadence-column1289_353a07-e3{position:relative;}@media all and (max-width: 1024px){.kadence-column1289_353a07-e3 > .kt-inside-inner-col{border-top:1px solid var(--global-palette6, #718096);border-right:1px solid var(--global-palette6, #718096);border-bottom:1px solid var(--global-palette6, #718096);border-left:1px solid var(--global-palette6, #718096);flex-direction:column;justify-content:center;}}@media all and (max-width: 767px){.kadence-column1289_353a07-e3 > .kt-inside-inner-col{border-top:1px solid var(--global-palette6, #718096);border-right:1px solid var(--global-palette6, #718096);border-bottom:1px solid var(--global-palette6, #718096);border-left:1px solid var(--global-palette6, #718096);flex-direction:column;justify-content:center;}}<\/style>\n<div class=\"wp-block-kadence-column kadence-column1289_353a07-e3 hover-lift\"><div class=\"kt-inside-inner-col\"><style>.kt-svg-icons1289_2391da-1e .kt-svg-item-0 .kb-svg-icon-wrap{color:var(--global-palette4, #2D3748);font-size:50px;}.wp-block-kadence-icon.kt-svg-icons1289_2391da-1e{justify-content:center;}<\/style>\n<div class=\"wp-block-kadence-icon kt-svg-icons kt-svg-icons1289_2391da-1e alignnone\"><style>.kt-svg-item-1289_c888a0-ff .kb-svg-icon-wrap, .kt-svg-style-stacked.kt-svg-item-1289_c888a0-ff .kb-svg-icon-wrap{color:var(--global-palette9, #ffffff);font-size:25px;background:var(--global-palette1, #3182CE);border-color:rgba(0,0,0,0);border-width:0px;border-radius:50%;padding-top:0.6rem;padding-right:0.6rem;padding-bottom:0.6rem;padding-left:0.6rem;}<\/style>\n<div class=\"wp-block-kadence-single-icon kt-svg-style-stacked kt-svg-icon-wrap kt-svg-item-1289_c888a0-ff\"><span class=\"kb-svg-icon-wrap kb-svg-icon-fe_mail\"><svg viewBox=\"0 0 24 24\"  fill=\"none\" stroke=\"currentColor\" stroke-width=\"1.5\" stroke-linecap=\"round\" stroke-linejoin=\"round\" xmlns=\"http:\/\/www.w3.org\/2000\/svg\"  aria-hidden=\"true\"><path d=\"M4 4h16c1.1 0 2 .9 2 2v12c0 1.1-.9 2-2 2H4c-1.1 0-2-.9-2-2V6c0-1.1.9-2 2-2z\"\/><polyline points=\"22,6 12,13 2,6\"\/><\/svg><\/span><\/div>\n<\/div>\n\n\n<style>.wp-block-kadence-advancedheading.kt-adv-heading1289_5b33a7-ed, .wp-block-kadence-advancedheading.kt-adv-heading1289_5b33a7-ed[data-kb-block=\"kb-adv-heading1289_5b33a7-ed\"]{display:block;text-align:center;font-size:var(--global-kb-font-size-sm, 0.9rem);font-style:normal;}.wp-block-kadence-advancedheading.kt-adv-heading1289_5b33a7-ed mark.kt-highlight, .wp-block-kadence-advancedheading.kt-adv-heading1289_5b33a7-ed[data-kb-block=\"kb-adv-heading1289_5b33a7-ed\"] mark.kt-highlight{font-style:normal;color:#f76a0c;-webkit-box-decoration-break:clone;box-decoration-break:clone;padding-top:0px;padding-right:0px;padding-bottom:0px;padding-left:0px;}.wp-block-kadence-advancedheading.kt-adv-heading1289_5b33a7-ed img.kb-inline-image, .wp-block-kadence-advancedheading.kt-adv-heading1289_5b33a7-ed[data-kb-block=\"kb-adv-heading1289_5b33a7-ed\"] img.kb-inline-image{width:150px;vertical-align:baseline;}<\/style>\n<span class=\"kt-adv-heading1289_5b33a7-ed wp-block-kadence-advancedheading has-theme-palette-5-color has-text-color\" data-kb-block=\"kb-adv-heading1289_5b33a7-ed\">Vragen over onze producten of jouw bestelling:<br><a href=\"mailto:info@ursus.be\">info@ursus.be<\/a><\/span>\n\n\n<style>.wp-block-kadence-advancedheading.kt-adv-heading1289_b31350-c2, .wp-block-kadence-advancedheading.kt-adv-heading1289_b31350-c2[data-kb-block=\"kb-adv-heading1289_b31350-c2\"]{display:block;text-align:center;font-size:var(--global-kb-font-size-sm, 0.9rem);font-style:normal;}.wp-block-kadence-advancedheading.kt-adv-heading1289_b31350-c2 mark.kt-highlight, .wp-block-kadence-advancedheading.kt-adv-heading1289_b31350-c2[data-kb-block=\"kb-adv-heading1289_b31350-c2\"] mark.kt-highlight{font-style:normal;color:#f76a0c;-webkit-box-decoration-break:clone;box-decoration-break:clone;padding-top:0px;padding-right:0px;padding-bottom:0px;padding-left:0px;}.wp-block-kadence-advancedheading.kt-adv-heading1289_b31350-c2 img.kb-inline-image, .wp-block-kadence-advancedheading.kt-adv-heading1289_b31350-c2[data-kb-block=\"kb-adv-heading1289_b31350-c2\"] img.kb-inline-image{width:150px;vertical-align:baseline;}<\/style>\n<span class=\"kt-adv-heading1289_b31350-c2 wp-block-kadence-advancedheading has-theme-palette-5-color has-text-color\" data-kb-block=\"kb-adv-heading1289_b31350-c2\">Vragen over de webshop en het bestelproces:<br><a href=\"mailto:support@ursus.be\">support@ursus.be<\/a><\/span>\n<\/div><\/div>\n\n\n\n<\/div><\/section>\n\n","protected":false},"excerpt":{"rendered":"<p>Bonjour, comment pouvons-nous vous aider ? Posez votre question \u00e0 notre \u00e9quipe. Nous nous ferons un plaisir de vous aider ! +32 9 218 17 89 Du lundi au vendredi de 8h \u00e0 16h Questions sur nos produits ou votre bestelling:info@ursus.be Questions sur la boutique en ligne et le bestelproces:support@ursus.be Premi\u00e8re commande dans notre boutique ou besoin d'un rafra\u00eechissement sur son fonctionnement ?<\/p>","protected":false},"author":3,"featured_media":0,"parent":0,"menu_order":600,"comment_status":"closed","ping_status":"closed","template":"","meta":{"_kad_blocks_custom_css":"","_kad_blocks_head_custom_js":"","_kad_blocks_body_custom_js":"","_kad_blocks_footer_custom_js":"","_kad_post_transparent":"","_kad_post_title":"","_kad_post_layout":"","_kad_post_sidebar_id":"","_kad_post_content_style":"","_kad_post_vertical_padding":"","_kad_post_feature":"","_kad_post_feature_position":"","_kad_post_header":false,"_kad_post_footer":false,"_kad_post_classname":"","footnotes":""},"class_list":["post-1289","page","type-page","status-publish","hentry"],"taxonomy_info":[],"featured_image_src_large":false,"author_info":{"display_name":"Ann-Sophie","author_link":"https:\/\/www.ursus.be\/fr\/author\/ann-sophie\/"},"comment_info":0,"_links":{"self":[{"href":"https:\/\/www.ursus.be\/fr\/wp-json\/wp\/v2\/pages\/1289","targetHints":{"allow":["GET"]}}],"collection":[{"href":"https:\/\/www.ursus.be\/fr\/wp-json\/wp\/v2\/pages"}],"about":[{"href":"https:\/\/www.ursus.be\/fr\/wp-json\/wp\/v2\/types\/page"}],"author":[{"embeddable":true,"href":"https:\/\/www.ursus.be\/fr\/wp-json\/wp\/v2\/users\/3"}],"replies":[{"embeddable":true,"href":"https:\/\/www.ursus.be\/fr\/wp-json\/wp\/v2\/comments?post=1289"}],"version-history":[{"count":9,"href":"https:\/\/www.ursus.be\/fr\/wp-json\/wp\/v2\/pages\/1289\/revisions"}],"predecessor-version":[{"id":1766,"href":"https:\/\/www.ursus.be\/fr\/wp-json\/wp\/v2\/pages\/1289\/revisions\/1766"}],"wp:attachment":[{"href":"https:\/\/www.ursus.be\/fr\/wp-json\/wp\/v2\/media?parent=1289"}],"curies":[{"name":"wp","href":"https:\/\/api.w.org\/{rel}","templated":true}]}}