{"id":2291,"date":"2025-12-09T14:19:44","date_gmt":"2025-12-09T13:19:44","guid":{"rendered":"https:\/\/www.ursus.be\/?page_id=2291"},"modified":"2025-12-09T14:23:30","modified_gmt":"2025-12-09T13:23:30","slug":"clause-de-non-responsabilite","status":"publish","type":"page","link":"https:\/\/www.ursus.be\/fr\/disclaimer\/","title":{"rendered":"Clause de non-responsabilit\u00e9"},"content":{"rendered":"<p>Toutes les marques commerciales mentionn\u00e9es dans les communications d'URSUS bv sont ou peuvent \u00eatre des marques commerciales ou des marques l\u00e9galement d\u00e9pos\u00e9es d'URSUS bv. Tous les droits qui ne sont pas express\u00e9ment accord\u00e9s dans le pr\u00e9sent document sont r\u00e9serv\u00e9s.<\/p>\n\n\n\n<p>Tout le contenu de ce site web, y compris, mais sans s'y limiter, les textes, les images, les logos et les dessins, est la propri\u00e9t\u00e9 d'URSUS bv ou est utilis\u00e9 avec l'autorisation des d\u00e9tenteurs de droits concern\u00e9s. Aucune partie de ce site web ne peut \u00eatre reproduite, distribu\u00e9e ou utilis\u00e9e \u00e0 des fins commerciales sans autorisation \u00e9crite pr\u00e9alable.<\/p>\n\n\n\n<p>Aucune partie des publications d'URSUS bv, num\u00e9riques ou imprim\u00e9es, ne peut \u00eatre reproduite, copi\u00e9e ou traduite sans l'autorisation \u00e9crite d'URSUS bv. L'autorisation \u00e9crite peut \u00eatre obtenue aupr\u00e8s du chef d'entreprise ou du d\u00e9partement marketing.&nbsp;<\/p>\n\n\n\n<p>Le site web d'URSUS bv et les sites web de ses marques et produits ont \u00e9t\u00e9 pr\u00e9par\u00e9s avec le plus grand soin, en toute connaissance de cause et avec les meilleures intentions. URSUS bv d\u00e9cline toute responsabilit\u00e9 en cas d'erreurs et\/ou d'inexactitudes.&nbsp;<\/p>\n\n\n\n<p>Les dessins figurant dans notre documentation technique, sur notre site web ou dans d'autres communications sont purement indicatifs. URSUS bv ne peut en aucun cas \u00eatre tenu responsable en cas d'erreurs. Toutes les situations propos\u00e9es le sont \u00e0 titre d'illustration uniquement et doivent toujours \u00eatre appliqu\u00e9es par l'entrepreneur ou l'installateur \u00e0 sa situation sp\u00e9cifique.&nbsp;&nbsp;<\/p>\n\n\n\n<p>Toutes les r\u00e9f\u00e9rences et illustrations de tiers sont purement indicatives. Leur utilisation doit toujours \u00eatre v\u00e9rifi\u00e9e aupr\u00e8s du fabricant ou du fournisseur concern\u00e9. Les informations et\/ou dessins de tiers faisant r\u00e9f\u00e9rence \u00e0 des accessoires ou auxiliaires peuvent n\u00e9cessiter des outils et des connaissances sp\u00e9cifiques pour leur installation ou leur utilisation. C'est l'entrepreneur ou l'installateur qui doit obtenir les informations correctes et utiliser la m\u00e9thode de travail appropri\u00e9e.&nbsp;&nbsp;<\/p>\n\n\n\n<p>Tous les per\u00e7ages, trous de vis et autres op\u00e9rations de quelque nature que ce soit qui impliquent d'une mani\u00e8re ou d'une autre des composants de tiers doivent toujours \u00eatre v\u00e9rifi\u00e9s avec le fabricant ou le fournisseur afin de garantir le fonctionnement continu et correct de ces composants.&nbsp;&nbsp;&nbsp;<\/p>\n\n\n\n<p>Notre site web peut contenir des liens vers des sites web de tiers. Ces liens sont fournis uniquement pour votre commodit\u00e9. Nous n'avons aucun contr\u00f4le sur le contenu ou les politiques de confidentialit\u00e9 de ces sites web et n'acceptons aucune responsabilit\u00e9 pour les informations, produits ou services qu'ils fournissent.<\/p>\n\n\n\n<p>URSUS bv se r\u00e9serve le droit de modifier toutes les informations utilis\u00e9es dans tous les documents sans pr\u00e9avis.&nbsp;<\/p>\n\n\n\n<p>Toutes les constructions sont soumises aux lois, r\u00e9glementations et normes locales.&nbsp;<\/p>\n\n\n\n<p>La pr\u00e9sente clause de non-responsabilit\u00e9 et tout litige r\u00e9sultant de l'utilisation de ce site web sont r\u00e9gis par le droit belge. Les litiges sont exclusivement soumis aux tribunaux comp\u00e9tents de Gand. Pour toute question ou commentaire concernant cette clause de non-responsabilit\u00e9, veuillez nous contacter \u00e0 l'adresse suivante <a href=\"mailto:marketing@ursus.be\">marketing@ursus.be<\/a> ou via<br><a href=\"tel:+3292181789\">+32 9 218 17 89<\/a>.<\/p>","protected":false},"excerpt":{"rendered":"<p>Alle merken vermeld in de communicatie van URSUS bv, zijn of kunnen de handelsmerken of wettig gedeponeerde handelsmerken van URSUS bv zijn. Enige rechten die hierin niet uitdrukkelijk zijn verleend, worden voorbehouden. Alle inhoud op deze website, waaronder maar niet beperkt tot teksten, afbeeldingen, logo\u2019s, en ontwerpen, is eigendom van URSUS bv of wordt gebruikt&#8230;<\/p>","protected":false},"author":3,"featured_media":0,"parent":0,"menu_order":10000,"comment_status":"closed","ping_status":"closed","template":"","meta":{"_kad_blocks_custom_css":"","_kad_blocks_head_custom_js":"","_kad_blocks_body_custom_js":"","_kad_blocks_footer_custom_js":"","_kad_post_transparent":"","_kad_post_title":"show","_kad_post_layout":"narrow","_kad_post_sidebar_id":"","_kad_post_content_style":"boxed","_kad_post_vertical_padding":"show","_kad_post_feature":"","_kad_post_feature_position":"","_kad_post_header":false,"_kad_post_footer":false,"_kad_post_classname":"","footnotes":""},"class_list":["post-2291","page","type-page","status-publish","hentry"],"taxonomy_info":[],"featured_image_src_large":false,"author_info":{"display_name":"Ann-Sophie","author_link":"https:\/\/www.ursus.be\/fr\/author\/ann-sophie\/"},"comment_info":0,"_links":{"self":[{"href":"https:\/\/www.ursus.be\/fr\/wp-json\/wp\/v2\/pages\/2291","targetHints":{"allow":["GET"]}}],"collection":[{"href":"https:\/\/www.ursus.be\/fr\/wp-json\/wp\/v2\/pages"}],"about":[{"href":"https:\/\/www.ursus.be\/fr\/wp-json\/wp\/v2\/types\/page"}],"author":[{"embeddable":true,"href":"https:\/\/www.ursus.be\/fr\/wp-json\/wp\/v2\/users\/3"}],"replies":[{"embeddable":true,"href":"https:\/\/www.ursus.be\/fr\/wp-json\/wp\/v2\/comments?post=2291"}],"version-history":[{"count":3,"href":"https:\/\/www.ursus.be\/fr\/wp-json\/wp\/v2\/pages\/2291\/revisions"}],"predecessor-version":[{"id":2295,"href":"https:\/\/www.ursus.be\/fr\/wp-json\/wp\/v2\/pages\/2291\/revisions\/2295"}],"wp:attachment":[{"href":"https:\/\/www.ursus.be\/fr\/wp-json\/wp\/v2\/media?parent=2291"}],"curies":[{"name":"wp","href":"https:\/\/api.w.org\/{rel}","templated":true}]}}